{"id":1161,"date":"2020-08-26T09:29:11","date_gmt":"2020-08-26T07:29:11","guid":{"rendered":"https:\/\/www.produitsdelacigogne.com\/rezepte\/"},"modified":"2024-03-15T15:00:32","modified_gmt":"2024-03-15T14:00:32","slug":"rezepte","status":"publish","type":"page","link":"https:\/\/www.produitsdelacigogne.com\/de\/rezepte\/","title":{"rendered":"Rezepte"},"content":{"rendered":"\t\t<div data-elementor-type=\"wp-page\" data-elementor-id=\"1161\" class=\"elementor elementor-1161 elementor-261\" data-elementor-post-type=\"page\">\n\t\t\t\t\t\t<section class=\"elementor-section elementor-top-section elementor-element elementor-element-e0976cc elementor-section-height-min-height elementor-section-content-middle elementor-section-boxed elementor-section-height-default elementor-section-items-middle\" data-id=\"e0976cc\" data-element_type=\"section\" data-e-type=\"section\" data-settings=\"{&quot;background_background&quot;:&quot;classic&quot;,&quot;background_motion_fx_motion_fx_scrolling&quot;:&quot;yes&quot;,&quot;background_motion_fx_translateY_effect&quot;:&quot;yes&quot;,&quot;background_motion_fx_translateY_speed&quot;:{&quot;unit&quot;:&quot;px&quot;,&quot;size&quot;:4,&quot;sizes&quot;:[]},&quot;background_motion_fx_translateY_affectedRange&quot;:{&quot;unit&quot;:&quot;%&quot;,&quot;size&quot;:&quot;&quot;,&quot;sizes&quot;:{&quot;start&quot;:0,&quot;end&quot;:100}},&quot;background_motion_fx_devices&quot;:[&quot;desktop&quot;,&quot;tablet&quot;,&quot;mobile&quot;]}\">\n\t\t\t\t\t\t\t<div class=\"elementor-background-overlay\"><\/div>\n\t\t\t\t\t\t\t<div class=\"elementor-container elementor-column-gap-default\">\n\t\t\t\t\t<div class=\"elementor-column elementor-col-100 elementor-top-column elementor-element elementor-element-274c5ae\" data-id=\"274c5ae\" data-element_type=\"column\" data-e-type=\"column\">\n\t\t\t<div class=\"elementor-widget-wrap elementor-element-populated\">\n\t\t\t\t\t\t<div class=\"elementor-element elementor-element-0f44cb9 elementor-widget elementor-widget-heading\" data-id=\"0f44cb9\" data-element_type=\"widget\" data-e-type=\"widget\" data-widget_type=\"heading.default\">\n\t\t\t\t\t<h1 class=\"elementor-heading-title elementor-size-default\">Rezepte<\/h1>\t\t\t\t<\/div>\n\t\t\t\t\t<\/div>\n\t\t<\/div>\n\t\t\t\t\t<\/div>\n\t\t<\/section>\n\t\t\t\t<section class=\"elementor-section elementor-top-section elementor-element elementor-element-ab4abf0 elementor-section-content-middle elementor-section-boxed elementor-section-height-default elementor-section-height-default\" data-id=\"ab4abf0\" data-element_type=\"section\" data-e-type=\"section\" data-settings=\"{&quot;background_motion_fx_translateY_effect&quot;:&quot;yes&quot;,&quot;background_motion_fx_translateY_speed&quot;:{&quot;unit&quot;:&quot;px&quot;,&quot;size&quot;:4,&quot;sizes&quot;:[]},&quot;background_motion_fx_translateY_affectedRange&quot;:{&quot;unit&quot;:&quot;%&quot;,&quot;size&quot;:&quot;&quot;,&quot;sizes&quot;:{&quot;start&quot;:0,&quot;end&quot;:100}},&quot;background_motion_fx_devices&quot;:[&quot;desktop&quot;,&quot;tablet&quot;,&quot;mobile&quot;]}\">\n\t\t\t\t\t\t<div class=\"elementor-container elementor-column-gap-no\">\n\t\t\t\t\t<div class=\"elementor-column elementor-col-100 elementor-top-column elementor-element elementor-element-2cf8954\" data-id=\"2cf8954\" data-element_type=\"column\" data-e-type=\"column\">\n\t\t\t<div class=\"elementor-widget-wrap elementor-element-populated\">\n\t\t\t\t\t\t<div class=\"elementor-element elementor-element-cb62129 elementor-widget elementor-widget-heading\" data-id=\"cb62129\" data-element_type=\"widget\" data-e-type=\"widget\" data-widget_type=\"heading.default\">\n\t\t\t\t\t<h2 class=\"elementor-heading-title elementor-size-default\">Entdecken Sie unsere authentischen Rezepte<\/h2>\t\t\t\t<\/div>\n\t\t\t\t<div class=\"elementor-element elementor-element-9c6ef2f elementor-widget-divider--view-line elementor-widget elementor-widget-divider\" data-id=\"9c6ef2f\" data-element_type=\"widget\" data-e-type=\"widget\" data-widget_type=\"divider.default\">\n\t\t\t\t\t\t\t<div class=\"elementor-divider\">\n\t\t\t<span class=\"elementor-divider-separator\">\n\t\t\t\t\t\t<\/span>\n\t\t<\/div>\n\t\t\t\t\t\t<\/div>\n\t\t\t\t\t<\/div>\n\t\t<\/div>\n\t\t\t\t\t<\/div>\n\t\t<\/section>\n\t\t\t\t<section class=\"elementor-section elementor-top-section elementor-element elementor-element-7ad4fde elementor-section-boxed elementor-section-height-default elementor-section-height-default\" data-id=\"7ad4fde\" data-element_type=\"section\" data-e-type=\"section\">\n\t\t\t\t\t\t<div class=\"elementor-container elementor-column-gap-default\">\n\t\t\t\t\t<div class=\"elementor-column elementor-col-50 elementor-top-column elementor-element elementor-element-3fe7121\" data-id=\"3fe7121\" data-element_type=\"column\" data-e-type=\"column\" data-settings=\"{&quot;background_background&quot;:&quot;classic&quot;}\">\n\t\t\t<div class=\"elementor-widget-wrap elementor-element-populated\">\n\t\t\t\t\t\t<div class=\"elementor-element elementor-element-28e0e8f elementor-widget elementor-widget-spacer\" data-id=\"28e0e8f\" data-element_type=\"widget\" data-e-type=\"widget\" data-widget_type=\"spacer.default\">\n\t\t\t\t\t\t\t<div class=\"elementor-spacer\">\n\t\t\t<div class=\"elementor-spacer-inner\"><\/div>\n\t\t<\/div>\n\t\t\t\t\t\t<\/div>\n\t\t\t\t\t<\/div>\n\t\t<\/div>\n\t\t\t\t<div class=\"elementor-column elementor-col-50 elementor-top-column elementor-element elementor-element-ab4877d\" data-id=\"ab4877d\" data-element_type=\"column\" data-e-type=\"column\" data-settings=\"{&quot;background_background&quot;:&quot;classic&quot;}\">\n\t\t\t<div class=\"elementor-widget-wrap elementor-element-populated\">\n\t\t\t\t\t\t<div class=\"elementor-element elementor-element-edb3631 elementor-widget elementor-widget-heading\" data-id=\"edb3631\" data-element_type=\"widget\" data-e-type=\"widget\" data-widget_type=\"heading.default\">\n\t\t\t\t\t<h3 class=\"elementor-heading-title elementor-size-default\">der \"Stork burger \" <\/h3>\t\t\t\t<\/div>\n\t\t\t\t<div class=\"elementor-element elementor-element-7aa1418 elementor-widget elementor-widget-text-editor\" data-id=\"7aa1418\" data-element_type=\"widget\" data-e-type=\"widget\" data-widget_type=\"text-editor.default\">\n\t\t\t\t\t\t\t\t\t<p><strong>Zutaten <\/strong><\/p>\n<p>2 Kartoffelpuffer 80 gr<br \/>80 g gekochtes Sauerkraut oder Zwiebelconfit<br \/>60 g gekochte ger\u00e4ucherte Schweinehals<br \/>30 gr Munsterk\u00e4se<\/p>\n<p><strong>Rezept<\/strong><\/p>\n<p>Garnieren Sie einen Kartoffelpuffer mit Sauerkraut oder Zwiebelconfit. F\u00fcgen Sie die Scheibe ger\u00e4ucherten Schweinehals und dann die Scheibe M\u00fcnsterk\u00e4se hinzu. Mit dem zweiten Kartoffelpuffer bedecken.<\/p>\n<p>Bei 170 \u00b0C 10\u201315 Minuten backen.<\/p>\n<p>Die Kartoffelpuffer sollte knusprig und der K\u00e4se fl\u00fcssig sein.<\/p>\n<p><strong>Anrichtung<\/strong><\/p>\n<p>Den Stork Burger in die Mitte des Tellers legen und mit einem kleinen Salat servieren.<\/p>\n\t\t\t\t\t\t\t\t<\/div>\n\t\t\t\t\t<\/div>\n\t\t<\/div>\n\t\t\t\t\t<\/div>\n\t\t<\/section>\n\t\t\t\t<section class=\"elementor-section elementor-top-section elementor-element elementor-element-189d685 elementor-section-boxed elementor-section-height-default elementor-section-height-default\" data-id=\"189d685\" data-element_type=\"section\" data-e-type=\"section\">\n\t\t\t\t\t\t<div class=\"elementor-container elementor-column-gap-default\">\n\t\t\t\t\t<div class=\"elementor-column elementor-col-50 elementor-top-column elementor-element elementor-element-ee5f3d3\" data-id=\"ee5f3d3\" data-element_type=\"column\" data-e-type=\"column\" data-settings=\"{&quot;background_background&quot;:&quot;classic&quot;}\">\n\t\t\t<div class=\"elementor-widget-wrap elementor-element-populated\">\n\t\t\t\t\t\t<div class=\"elementor-element elementor-element-55109b2 elementor-widget elementor-widget-spacer\" data-id=\"55109b2\" data-element_type=\"widget\" data-e-type=\"widget\" data-widget_type=\"spacer.default\">\n\t\t\t\t\t\t\t<div class=\"elementor-spacer\">\n\t\t\t<div class=\"elementor-spacer-inner\"><\/div>\n\t\t<\/div>\n\t\t\t\t\t\t<\/div>\n\t\t\t\t\t<\/div>\n\t\t<\/div>\n\t\t\t\t<div class=\"elementor-column elementor-col-50 elementor-top-column elementor-element elementor-element-cb69d87\" data-id=\"cb69d87\" data-element_type=\"column\" data-e-type=\"column\" data-settings=\"{&quot;background_background&quot;:&quot;classic&quot;}\">\n\t\t\t<div class=\"elementor-widget-wrap elementor-element-populated\">\n\t\t\t\t\t\t<div class=\"elementor-element elementor-element-36929c2 elementor-widget elementor-widget-heading\" data-id=\"36929c2\" data-element_type=\"widget\" data-e-type=\"widget\" data-widget_type=\"heading.default\">\n\t\t\t\t\t<h3 class=\"elementor-heading-title elementor-size-default\">Schweinshaxe in M\u00fcnsterk\u00e4se<\/h3>\t\t\t\t<\/div>\n\t\t\t\t<div class=\"elementor-element elementor-element-2bff1fa elementor-widget__width-initial elementor-widget elementor-widget-text-editor\" data-id=\"2bff1fa\" data-element_type=\"widget\" data-e-type=\"widget\" data-widget_type=\"text-editor.default\">\n\t\t\t\t\t\t\t\t\t<p>Legen Sie die Schweinshaxe in eine Auflaufform und f\u00fcgen Sie eine Knoblauchzehe und einen Rosmarinzweig hinzu, um die Haxe w\u00e4hrend des Kochens zu w\u00fcrzen.<\/p>\n<p>Bei 170 \u00b0C 30 Minuten backen (ohne Deckel). \u00dcberpr\u00fcfen Sie regelm\u00e4\u00dfig den Garvorgang. <\/p>\n<p>Mit einem L\u00f6ffel, bestreichen Sie die Haxe mehrmals mit dem Fleischsaft, um sie zu karamellisieren.<\/p>\n<p><strong>Munsterk\u00e4se So\u00dfe<\/strong><\/p>\n<p>25 gr Butter<br \/>25 gr Mehl <br \/>2 Knoblauchzehen <br \/>2 Rosmarinzweige<br \/>300 gr Sauerrahm<br \/>300 gr frisches M\u00fcnsterk\u00e4se<br \/>100 gr Riesling Wein<\/p>\n<p>Den Munsterk\u00e4se in gleichm\u00e4\u00dfige St\u00fccke schneiden.<\/p>\n<p>Sahne mit Rosmarin, gehacktem Knoblauch und Riesling erhitzen.<\/p>\n<p>Den Munster nach und nach unterr\u00fchren und mit einem Schneebesen verr\u00fchren.<\/p>\n<p>Machen Sie eine weiche Butter, indem Sie Mehl und Butter mischen<\/p>\n<p>Den Rosmarinzweig entfernen, vermischen und die weiche Butter hinzuf\u00fcgen. Mit einem Schneebesen verr\u00fchren.<\/p>\n<p>Begleiten Sie dieses Gericht mit Sauerkraut oder k\u00f6stlichen, in Butter gebratenen Sp\u00e4tzle.<\/p>\n<p><strong> <\/strong><\/p>\n\t\t\t\t\t\t\t\t<\/div>\n\t\t\t\t\t<\/div>\n\t\t<\/div>\n\t\t\t\t\t<\/div>\n\t\t<\/section>\n\t\t\t\t<\/div>\n\t\t","protected":false},"excerpt":{"rendered":"<p>Rezepte Entdecken Sie unsere authentischen Rezepte der &#8222;Stork burger &#8220; Zutaten 2 Kartoffelpuffer 80 gr80 g gekochtes Sauerkraut oder Zwiebelconfit60 g gekochte ger\u00e4ucherte Schweinehals30 gr Munsterk\u00e4se Rezept Garnieren Sie einen Kartoffelpuffer mit Sauerkraut oder Zwiebelconfit. F\u00fcgen Sie die Scheibe ger\u00e4ucherten Schweinehals und dann die Scheibe M\u00fcnsterk\u00e4se hinzu. Mit dem zweiten Kartoffelpuffer bedecken. Bei 170 \u00b0C [&hellip;]<\/p>\n","protected":false},"author":1,"featured_media":0,"parent":0,"menu_order":0,"comment_status":"closed","ping_status":"closed","template":"","meta":{"_acf_changed":false,"footnotes":""},"class_list":["post-1161","page","type-page","status-publish","hentry"],"acf":[],"_links":{"self":[{"href":"https:\/\/www.produitsdelacigogne.com\/de\/wp-json\/wp\/v2\/pages\/1161","targetHints":{"allow":["GET"]}}],"collection":[{"href":"https:\/\/www.produitsdelacigogne.com\/de\/wp-json\/wp\/v2\/pages"}],"about":[{"href":"https:\/\/www.produitsdelacigogne.com\/de\/wp-json\/wp\/v2\/types\/page"}],"author":[{"embeddable":true,"href":"https:\/\/www.produitsdelacigogne.com\/de\/wp-json\/wp\/v2\/users\/1"}],"replies":[{"embeddable":true,"href":"https:\/\/www.produitsdelacigogne.com\/de\/wp-json\/wp\/v2\/comments?post=1161"}],"version-history":[{"count":2,"href":"https:\/\/www.produitsdelacigogne.com\/de\/wp-json\/wp\/v2\/pages\/1161\/revisions"}],"predecessor-version":[{"id":1164,"href":"https:\/\/www.produitsdelacigogne.com\/de\/wp-json\/wp\/v2\/pages\/1161\/revisions\/1164"}],"wp:attachment":[{"href":"https:\/\/www.produitsdelacigogne.com\/de\/wp-json\/wp\/v2\/media?parent=1161"}],"curies":[{"name":"wp","href":"https:\/\/api.w.org\/{rel}","templated":true}]}}