{"id":1170,"date":"2020-08-26T16:35:54","date_gmt":"2020-08-26T14:35:54","guid":{"rendered":"https:\/\/www.produitsdelacigogne.com\/produit\/unkategorisiert\/wildterrinen\/"},"modified":"2020-08-26T16:35:54","modified_gmt":"2020-08-26T14:35:54","slug":"wildterrinen","status":"publish","type":"product","link":"https:\/\/www.produitsdelacigogne.com\/de\/produit\/epicerie\/wildterrinen\/","title":{"rendered":"Wildterrinen"},"content":{"rendered":"<p>Wildschweinterrine aus der Region &#8222;Gro\u00dfer Osten&#8220;, Hirschterrine mit Haseln\u00fcssen, ein Genuss f\u00fcr Ihren Gaumen.<\/p>\n","protected":false},"excerpt":{"rendered":"<p>Wildfleisch mit kr\u00e4ftigem Geschmack wird mariniert, dann zubereitet und gew\u00fcrzt, um es in Terrinen zu verwandeln.<\/p>\n<p>Sie werden frisch auf einer Scheibe Landbrot gegessen, begleitet von Gurken oder kleinen Zwiebeln.<\/p>\n","protected":false},"featured_media":1054,"comment_status":"open","ping_status":"closed","template":"","meta":{"_acf_changed":false},"product_cat":[24],"product_tag":[],"class_list":{"0":"post-1170","1":"product","2":"type-product","3":"status-publish","4":"has-post-thumbnail","6":"product_cat-epicerie","8":"first","9":"instock","10":"shipping-taxable","11":"product-type-simple"},"acf":[],"_links":{"self":[{"href":"https:\/\/www.produitsdelacigogne.com\/de\/wp-json\/wp\/v2\/product\/1170","targetHints":{"allow":["GET"]}}],"collection":[{"href":"https:\/\/www.produitsdelacigogne.com\/de\/wp-json\/wp\/v2\/product"}],"about":[{"href":"https:\/\/www.produitsdelacigogne.com\/de\/wp-json\/wp\/v2\/types\/product"}],"replies":[{"embeddable":true,"href":"https:\/\/www.produitsdelacigogne.com\/de\/wp-json\/wp\/v2\/comments?post=1170"}],"wp:featuredmedia":[{"embeddable":true,"href":"https:\/\/www.produitsdelacigogne.com\/de\/wp-json\/wp\/v2\/media\/1054"}],"wp:attachment":[{"href":"https:\/\/www.produitsdelacigogne.com\/de\/wp-json\/wp\/v2\/media?parent=1170"}],"wp:term":[{"taxonomy":"product_cat","embeddable":true,"href":"https:\/\/www.produitsdelacigogne.com\/de\/wp-json\/wp\/v2\/product_cat?post=1170"},{"taxonomy":"product_tag","embeddable":true,"href":"https:\/\/www.produitsdelacigogne.com\/de\/wp-json\/wp\/v2\/product_tag?post=1170"}],"curies":[{"name":"wp","href":"https:\/\/api.w.org\/{rel}","templated":true}]}}