{"id":1171,"date":"2020-08-26T16:26:48","date_gmt":"2020-08-26T14:26:48","guid":{"rendered":"https:\/\/www.produitsdelacigogne.com\/produit\/unkategorisiert\/gekochte-innereien\/"},"modified":"2020-08-26T16:26:48","modified_gmt":"2020-08-26T14:26:48","slug":"gekochte-innereien","status":"publish","type":"product","link":"https:\/\/www.produitsdelacigogne.com\/de\/produit\/fertiggerichte\/gekochte-innereien\/","title":{"rendered":"Gekochte Innereien"},"content":{"rendered":"<p>Bei schwacher Hitze aufw\u00e4rmen.<\/p>\n<p>Unsere gekochten Gerichte werden je nach Wahl oder Inspiration mit Nudeln, Reis und Gem\u00fcse begleitet.<\/p>\n","protected":false},"excerpt":{"rendered":"<p>Entdecken Sie Schweinebackenn\u00fcsse, Schweine- oder Kalbsnieren, Kalbskopf mit Gribiche-Sauce und andere delikate Zubereitungen neu.<\/p>\n<p>Die von unserem K\u00fcchenchef entwickelten Innereien in So\u00dfe werden ohne Konservierungsstoffe hergestellt. Ic\u00f4ne de validation par la communaut\u00e9.<\/p>\n","protected":false},"featured_media":520,"comment_status":"open","ping_status":"closed","template":"","meta":{"_acf_changed":false},"product_cat":[46],"product_tag":[],"class_list":{"0":"post-1171","1":"product","2":"type-product","3":"status-publish","4":"has-post-thumbnail","6":"product_cat-fertiggerichte","8":"first","9":"instock","10":"shipping-taxable","11":"product-type-simple"},"acf":[],"_links":{"self":[{"href":"https:\/\/www.produitsdelacigogne.com\/de\/wp-json\/wp\/v2\/product\/1171","targetHints":{"allow":["GET"]}}],"collection":[{"href":"https:\/\/www.produitsdelacigogne.com\/de\/wp-json\/wp\/v2\/product"}],"about":[{"href":"https:\/\/www.produitsdelacigogne.com\/de\/wp-json\/wp\/v2\/types\/product"}],"replies":[{"embeddable":true,"href":"https:\/\/www.produitsdelacigogne.com\/de\/wp-json\/wp\/v2\/comments?post=1171"}],"wp:featuredmedia":[{"embeddable":true,"href":"https:\/\/www.produitsdelacigogne.com\/de\/wp-json\/wp\/v2\/media\/520"}],"wp:attachment":[{"href":"https:\/\/www.produitsdelacigogne.com\/de\/wp-json\/wp\/v2\/media?parent=1171"}],"wp:term":[{"taxonomy":"product_cat","embeddable":true,"href":"https:\/\/www.produitsdelacigogne.com\/de\/wp-json\/wp\/v2\/product_cat?post=1171"},{"taxonomy":"product_tag","embeddable":true,"href":"https:\/\/www.produitsdelacigogne.com\/de\/wp-json\/wp\/v2\/product_tag?post=1171"}],"curies":[{"name":"wp","href":"https:\/\/api.w.org\/{rel}","templated":true}]}}