{"id":1172,"date":"2020-08-26T16:35:42","date_gmt":"2020-08-26T14:35:42","guid":{"rendered":"https:\/\/www.produitsdelacigogne.com\/produit\/unkategorisiert\/reine-schweine-terrinen\/"},"modified":"2024-03-15T16:39:06","modified_gmt":"2024-03-15T15:39:06","slug":"reine-schweine-terrinen","status":"publish","type":"product","link":"https:\/\/www.produitsdelacigogne.com\/de\/produit\/die-feinkost\/reine-schweine-terrinen\/","title":{"rendered":"Reine Schweine-Terrinen"},"content":{"rendered":"<p>Terrinen mit Gew\u00fcrztraminer Schnaps, Els\u00e4sser Bier, Cr\u00e9mant, schwartz Pinot Wein und Mirabelle geh\u00f6ren zu unserem breiten Sortiment. Sie sind fein gew\u00fcrzt mit den Aromen unserer Region.<\/p>\n","protected":false},"excerpt":{"rendered":"<p>Unser Sortiment an Terrinen aus reinem Schweinefleisch ist von regionalen Aromen inspiriert. Sie sind ohne Zusatz von Nitritsalz und in 100g, 180g oder 200g erh\u00e4ltlich.<\/p>\n<p>Sie werden frisch auf einer Scheibe Landbrot gegessen, begleitet von Gurken oder kleinen Zwiebeln.<\/p>\n","protected":false},"featured_media":1053,"comment_status":"open","ping_status":"closed","template":"","meta":{"_acf_changed":false},"product_cat":[45],"product_tag":[],"class_list":{"0":"post-1172","1":"product","2":"type-product","3":"status-publish","4":"has-post-thumbnail","6":"product_cat-die-feinkost","8":"first","9":"instock","10":"shipping-taxable","11":"product-type-simple"},"acf":[],"_links":{"self":[{"href":"https:\/\/www.produitsdelacigogne.com\/de\/wp-json\/wp\/v2\/product\/1172","targetHints":{"allow":["GET"]}}],"collection":[{"href":"https:\/\/www.produitsdelacigogne.com\/de\/wp-json\/wp\/v2\/product"}],"about":[{"href":"https:\/\/www.produitsdelacigogne.com\/de\/wp-json\/wp\/v2\/types\/product"}],"replies":[{"embeddable":true,"href":"https:\/\/www.produitsdelacigogne.com\/de\/wp-json\/wp\/v2\/comments?post=1172"}],"wp:featuredmedia":[{"embeddable":true,"href":"https:\/\/www.produitsdelacigogne.com\/de\/wp-json\/wp\/v2\/media\/1053"}],"wp:attachment":[{"href":"https:\/\/www.produitsdelacigogne.com\/de\/wp-json\/wp\/v2\/media?parent=1172"}],"wp:term":[{"taxonomy":"product_cat","embeddable":true,"href":"https:\/\/www.produitsdelacigogne.com\/de\/wp-json\/wp\/v2\/product_cat?post=1172"},{"taxonomy":"product_tag","embeddable":true,"href":"https:\/\/www.produitsdelacigogne.com\/de\/wp-json\/wp\/v2\/product_tag?post=1172"}],"curies":[{"name":"wp","href":"https:\/\/api.w.org\/{rel}","templated":true}]}}