{"id":1173,"date":"2020-08-26T16:35:15","date_gmt":"2020-08-26T14:35:15","guid":{"rendered":"https:\/\/www.produitsdelacigogne.com\/produit\/unkategorisiert\/franzoesiche-gekochte-gerichte\/"},"modified":"2020-08-26T16:35:15","modified_gmt":"2020-08-26T14:35:15","slug":"franzoesiche-gekochte-gerichte","status":"publish","type":"product","link":"https:\/\/www.produitsdelacigogne.com\/de\/produit\/die-feinkost\/franzoesiche-gekochte-gerichte\/","title":{"rendered":"Franz\u00f6siche gekochte Gerichte"},"content":{"rendered":"<p>Entdecken Sie unsere Kalbsblanquette mit Sahne, Burgunder-Rindfleisch, Eint\u00f6pfe, Rinderragout und andere Produkte, die je nach Jahreszeit das ganze Jahr \u00fcber genossen werden k\u00f6nnen. Entdecken Sie auch unser gekochtes Wildfleisch.<\/p>\n<p>Erhitzen Sie den Inhalt des Glases einige Minuten lang bei schwacher Hitze.<\/p>\n","protected":false},"excerpt":{"rendered":"<p>Wir lassen uns von Rezepten aus unserer franz\u00f6sischen Gastronomie inspirieren, um Ihnen verschiedene Gerichte im Glas f\u00fcr 1, 2 oder 3 Personen anzubieten. Kapazit\u00e4t 380g oder 750g<\/p>\n","protected":false},"featured_media":1045,"comment_status":"open","ping_status":"closed","template":"","meta":{"_acf_changed":false},"product_cat":[45],"product_tag":[],"class_list":{"0":"post-1173","1":"product","2":"type-product","3":"status-publish","4":"has-post-thumbnail","6":"product_cat-die-feinkost","8":"first","9":"instock","10":"shipping-taxable","11":"product-type-simple"},"acf":[],"_links":{"self":[{"href":"https:\/\/www.produitsdelacigogne.com\/de\/wp-json\/wp\/v2\/product\/1173","targetHints":{"allow":["GET"]}}],"collection":[{"href":"https:\/\/www.produitsdelacigogne.com\/de\/wp-json\/wp\/v2\/product"}],"about":[{"href":"https:\/\/www.produitsdelacigogne.com\/de\/wp-json\/wp\/v2\/types\/product"}],"replies":[{"embeddable":true,"href":"https:\/\/www.produitsdelacigogne.com\/de\/wp-json\/wp\/v2\/comments?post=1173"}],"wp:featuredmedia":[{"embeddable":true,"href":"https:\/\/www.produitsdelacigogne.com\/de\/wp-json\/wp\/v2\/media\/1045"}],"wp:attachment":[{"href":"https:\/\/www.produitsdelacigogne.com\/de\/wp-json\/wp\/v2\/media?parent=1173"}],"wp:term":[{"taxonomy":"product_cat","embeddable":true,"href":"https:\/\/www.produitsdelacigogne.com\/de\/wp-json\/wp\/v2\/product_cat?post=1173"},{"taxonomy":"product_tag","embeddable":true,"href":"https:\/\/www.produitsdelacigogne.com\/de\/wp-json\/wp\/v2\/product_tag?post=1173"}],"curies":[{"name":"wp","href":"https:\/\/api.w.org\/{rel}","templated":true}]}}