{"id":1177,"date":"2020-08-26T16:27:51","date_gmt":"2020-08-26T14:27:51","guid":{"rendered":"https:\/\/www.produitsdelacigogne.com\/produit\/unkategorisiert\/gratins\/"},"modified":"2020-08-26T16:27:51","modified_gmt":"2020-08-26T14:27:51","slug":"gratins","status":"publish","type":"product","link":"https:\/\/www.produitsdelacigogne.com\/de\/produit\/fertiggerichte\/gratins\/","title":{"rendered":"Gratins"},"content":{"rendered":"<p>F\u00fcr eine vegetarische Ern\u00e4hrung eignen sich Kartoffelgratin, Pfifferlingsgratin, Gem\u00fcsegratin.<\/p>\n<p>Zum Aufw\u00e4rmen im Ofen.<\/p>\n","protected":false},"excerpt":{"rendered":"<p>Unsere Gratins werden aus Kartoffeln unserer franz\u00f6sischen Produzenten hergestellt und sind in Familien- oder Einzelversionen erh\u00e4ltlich.<\/p>\n","protected":false},"featured_media":457,"comment_status":"open","ping_status":"closed","template":"","meta":{"_acf_changed":false},"product_cat":[46],"product_tag":[],"class_list":{"0":"post-1177","1":"product","2":"type-product","3":"status-publish","4":"has-post-thumbnail","6":"product_cat-fertiggerichte","8":"first","9":"instock","10":"shipping-taxable","11":"product-type-simple"},"acf":[],"_links":{"self":[{"href":"https:\/\/www.produitsdelacigogne.com\/de\/wp-json\/wp\/v2\/product\/1177","targetHints":{"allow":["GET"]}}],"collection":[{"href":"https:\/\/www.produitsdelacigogne.com\/de\/wp-json\/wp\/v2\/product"}],"about":[{"href":"https:\/\/www.produitsdelacigogne.com\/de\/wp-json\/wp\/v2\/types\/product"}],"replies":[{"embeddable":true,"href":"https:\/\/www.produitsdelacigogne.com\/de\/wp-json\/wp\/v2\/comments?post=1177"}],"wp:featuredmedia":[{"embeddable":true,"href":"https:\/\/www.produitsdelacigogne.com\/de\/wp-json\/wp\/v2\/media\/457"}],"wp:attachment":[{"href":"https:\/\/www.produitsdelacigogne.com\/de\/wp-json\/wp\/v2\/media?parent=1177"}],"wp:term":[{"taxonomy":"product_cat","embeddable":true,"href":"https:\/\/www.produitsdelacigogne.com\/de\/wp-json\/wp\/v2\/product_cat?post=1177"},{"taxonomy":"product_tag","embeddable":true,"href":"https:\/\/www.produitsdelacigogne.com\/de\/wp-json\/wp\/v2\/product_tag?post=1177"}],"curies":[{"name":"wp","href":"https:\/\/api.w.org\/{rel}","templated":true}]}}