{"id":1180,"date":"2020-08-26T16:30:12","date_gmt":"2020-08-26T14:30:12","guid":{"rendered":"https:\/\/www.produitsdelacigogne.com\/produit\/unkategorisiert\/fleischnacka\/"},"modified":"2020-08-26T16:30:12","modified_gmt":"2020-08-26T14:30:12","slug":"fleischnacka","status":"publish","type":"product","link":"https:\/\/www.produitsdelacigogne.com\/de\/produit\/elsasser-spezialitaten\/fleischnacka\/","title":{"rendered":"Fleischnacka"},"content":{"rendered":"<p>In gro\u00dfz\u00fcgige Scheiben schneiden und einige Minuten braten oder in Br\u00fche kochen.<\/p>\n<p>F\u00fcr eine vollst\u00e4ndige und ausgewogene Mahlzeit wird Fleischnacka mit Fleischbr\u00fche oder einer leichten So\u00dfe und einem Salat serviert.<\/p>\n","protected":false},"excerpt":{"rendered":"<p>Dieses els\u00e4ssische Fleischbr\u00f6tchen wird traditionell aus Resten von Pot au Feu hergestellt, in Nudelteig gerollt, in Scheiben geschnitten und in Br\u00fche gegart.<br \/>\nWir machen unsere F\u00fcllungen mit Rind-, Schweine- und Gem\u00fcsef\u00fcllungen, bieten aber auch eine Variante mit Gefl\u00fcgel oder Lachs an.<\/p>\n","protected":false},"featured_media":513,"comment_status":"open","ping_status":"closed","template":"","meta":{"_acf_changed":false},"product_cat":[47],"product_tag":[],"class_list":{"0":"post-1180","1":"product","2":"type-product","3":"status-publish","4":"has-post-thumbnail","6":"product_cat-elsasser-spezialitaten","8":"first","9":"instock","10":"shipping-taxable","11":"product-type-simple"},"acf":[],"_links":{"self":[{"href":"https:\/\/www.produitsdelacigogne.com\/de\/wp-json\/wp\/v2\/product\/1180","targetHints":{"allow":["GET"]}}],"collection":[{"href":"https:\/\/www.produitsdelacigogne.com\/de\/wp-json\/wp\/v2\/product"}],"about":[{"href":"https:\/\/www.produitsdelacigogne.com\/de\/wp-json\/wp\/v2\/types\/product"}],"replies":[{"embeddable":true,"href":"https:\/\/www.produitsdelacigogne.com\/de\/wp-json\/wp\/v2\/comments?post=1180"}],"wp:featuredmedia":[{"embeddable":true,"href":"https:\/\/www.produitsdelacigogne.com\/de\/wp-json\/wp\/v2\/media\/513"}],"wp:attachment":[{"href":"https:\/\/www.produitsdelacigogne.com\/de\/wp-json\/wp\/v2\/media?parent=1180"}],"wp:term":[{"taxonomy":"product_cat","embeddable":true,"href":"https:\/\/www.produitsdelacigogne.com\/de\/wp-json\/wp\/v2\/product_cat?post=1180"},{"taxonomy":"product_tag","embeddable":true,"href":"https:\/\/www.produitsdelacigogne.com\/de\/wp-json\/wp\/v2\/product_tag?post=1180"}],"curies":[{"name":"wp","href":"https:\/\/api.w.org\/{rel}","templated":true}]}}