{"id":1182,"date":"2020-08-26T16:31:00","date_gmt":"2020-08-26T14:31:00","guid":{"rendered":"https:\/\/www.produitsdelacigogne.com\/produit\/unkategorisiert\/knepfle\/"},"modified":"2020-08-26T16:31:00","modified_gmt":"2020-08-26T14:31:00","slug":"knepfle","status":"publish","type":"product","link":"https:\/\/www.produitsdelacigogne.com\/de\/produit\/elsasser-spezialitaten\/knepfle\/","title":{"rendered":"Knepfle"},"content":{"rendered":"<p>Die Knepfle in einem Klecks Fett 3 bis 4 Minuten anbraten.<\/p>\n<p>Knepfle sind ein perfekter Begleiter zu So\u00dfengerichten, Wild und Sauerkraut.<\/p>\n","protected":false},"excerpt":{"rendered":"<p>Unsere Knepfle sind gr\u00f6\u00dfer als ihre Sp\u00e4tzle-Cousins \u200b\u200bund bestehen haupts\u00e4chlich aus frischen Eiern, Wasser und Weizenmehl, das von einem regionalen M\u00fcller ausgew\u00e4hlt wurde.<br \/>\nUnsere handwerkliche Herstellung verleiht ihnen diese ganz besondere unregelm\u00e4\u00dfige Form und verleiht ihnen eine unnachahmliche Weichheit.<\/p>\n","protected":false},"featured_media":510,"comment_status":"open","ping_status":"closed","template":"","meta":{"_acf_changed":false},"product_cat":[47],"product_tag":[],"class_list":{"0":"post-1182","1":"product","2":"type-product","3":"status-publish","4":"has-post-thumbnail","6":"product_cat-elsasser-spezialitaten","8":"first","9":"instock","10":"shipping-taxable","11":"product-type-simple"},"acf":[],"_links":{"self":[{"href":"https:\/\/www.produitsdelacigogne.com\/de\/wp-json\/wp\/v2\/product\/1182","targetHints":{"allow":["GET"]}}],"collection":[{"href":"https:\/\/www.produitsdelacigogne.com\/de\/wp-json\/wp\/v2\/product"}],"about":[{"href":"https:\/\/www.produitsdelacigogne.com\/de\/wp-json\/wp\/v2\/types\/product"}],"replies":[{"embeddable":true,"href":"https:\/\/www.produitsdelacigogne.com\/de\/wp-json\/wp\/v2\/comments?post=1182"}],"wp:featuredmedia":[{"embeddable":true,"href":"https:\/\/www.produitsdelacigogne.com\/de\/wp-json\/wp\/v2\/media\/510"}],"wp:attachment":[{"href":"https:\/\/www.produitsdelacigogne.com\/de\/wp-json\/wp\/v2\/media?parent=1182"}],"wp:term":[{"taxonomy":"product_cat","embeddable":true,"href":"https:\/\/www.produitsdelacigogne.com\/de\/wp-json\/wp\/v2\/product_cat?post=1182"},{"taxonomy":"product_tag","embeddable":true,"href":"https:\/\/www.produitsdelacigogne.com\/de\/wp-json\/wp\/v2\/product_tag?post=1182"}],"curies":[{"name":"wp","href":"https:\/\/api.w.org\/{rel}","templated":true}]}}