{"id":1185,"date":"2020-08-26T16:31:45","date_gmt":"2020-08-26T14:31:45","guid":{"rendered":"https:\/\/www.produitsdelacigogne.com\/produit\/unkategorisiert\/bio-sortiment-kartoffelpuffer-und-spaetzle\/"},"modified":"2020-08-26T16:31:45","modified_gmt":"2020-08-26T14:31:45","slug":"bio-sortiment-kartoffelpuffer-und-spaetzle","status":"publish","type":"product","link":"https:\/\/www.produitsdelacigogne.com\/de\/produit\/elsasser-spezialitaten\/bio-sortiment-kartoffelpuffer-und-spaetzle\/","title":{"rendered":"Bio-Sortiment: Kartoffelpuffer und Sp\u00e4tzle"},"content":{"rendered":"<p>Unser Firma ist seit 2011 biozertifiziert, FR-BIO 10-Zertifizierung<\/p>\n","protected":false},"excerpt":{"rendered":"<p>Wir bieten Ihnen unsere Sp\u00e4tzle und Eierkn\u00f6del sowie unsere Kartoffelpuffer an. <\/p>\n<p>Unsere Bio-Sp\u00e4tzle k\u00f6nnen gebraten werden, unsere Bio-Kartoffelpuffer k\u00f6nnen f\u00fcr ein paar Minuten in der Pfanne oder im Ofen erhitzt werden.<\/p>\n","protected":false},"featured_media":507,"comment_status":"open","ping_status":"closed","template":"","meta":{"_acf_changed":false},"product_cat":[47],"product_tag":[],"class_list":{"0":"post-1185","1":"product","2":"type-product","3":"status-publish","4":"has-post-thumbnail","6":"product_cat-elsasser-spezialitaten","8":"first","9":"instock","10":"shipping-taxable","11":"product-type-simple"},"acf":[],"_links":{"self":[{"href":"https:\/\/www.produitsdelacigogne.com\/de\/wp-json\/wp\/v2\/product\/1185","targetHints":{"allow":["GET"]}}],"collection":[{"href":"https:\/\/www.produitsdelacigogne.com\/de\/wp-json\/wp\/v2\/product"}],"about":[{"href":"https:\/\/www.produitsdelacigogne.com\/de\/wp-json\/wp\/v2\/types\/product"}],"replies":[{"embeddable":true,"href":"https:\/\/www.produitsdelacigogne.com\/de\/wp-json\/wp\/v2\/comments?post=1185"}],"wp:featuredmedia":[{"embeddable":true,"href":"https:\/\/www.produitsdelacigogne.com\/de\/wp-json\/wp\/v2\/media\/507"}],"wp:attachment":[{"href":"https:\/\/www.produitsdelacigogne.com\/de\/wp-json\/wp\/v2\/media?parent=1185"}],"wp:term":[{"taxonomy":"product_cat","embeddable":true,"href":"https:\/\/www.produitsdelacigogne.com\/de\/wp-json\/wp\/v2\/product_cat?post=1185"},{"taxonomy":"product_tag","embeddable":true,"href":"https:\/\/www.produitsdelacigogne.com\/de\/wp-json\/wp\/v2\/product_tag?post=1185"}],"curies":[{"name":"wp","href":"https:\/\/api.w.org\/{rel}","templated":true}]}}