{"id":1186,"date":"2020-08-26T16:33:05","date_gmt":"2020-08-26T14:33:05","guid":{"rendered":"https:\/\/www.produitsdelacigogne.com\/produit\/unkategorisiert\/garniertes-sauerkraut\/"},"modified":"2020-08-26T16:33:05","modified_gmt":"2020-08-26T14:33:05","slug":"garniertes-sauerkraut","status":"publish","type":"product","link":"https:\/\/www.produitsdelacigogne.com\/de\/produit\/die-feinkost\/garniertes-sauerkraut\/","title":{"rendered":"Garniertes Sauerkraut"},"content":{"rendered":"<h3>Ausarbeitung<\/h3>\n<p>Im Elsass angebauter Kohl wird von unserem Sauerkrautpartner nach unseren spezifischen Rezepten zubereitet. Unsere Aufschnitte und Wurstwaren werden alle in unserer Werkstatt aus franz\u00f6sischem Fleisch hergestellt und dann in Gl\u00e4ser abgef\u00fcllt.<\/p>\n<h3>Kochen<\/h3>\n<p>Erhitzen Sie den Inhalt des Glases einige Minuten lang bei schwacher Hitze. Um das Sauerkraut noch besser genie\u00dfen zu k\u00f6nnen, gie\u00dfen Sie beim Aufw\u00e4rmen ein kleines Glas Rieslingwein \u00fcber den Kohl.<\/p>\n<h3>Begleitungsvorschl\u00e4ge<\/h3>\n<p>Zu diesem kompletten Gericht gibt es ged\u00fcnstete Kartoffeln und einen Hauch Senf oder Meerrettich als Beilage zum Aufschnitt.<\/p>\n","protected":false},"excerpt":{"rendered":"<p>Das Flaggschiff unserer els\u00e4ssischen Gastronomie, garniertes Sauerkraut, wird in verschiedenen Formaten angeboten, von 380 g bis 1,5 kg. Dieses komplette Gericht wird mit ger\u00e4uchertem Schweinenacken, gesalzenem Schweinebauch, Knacks und ger\u00e4ucherter Wurst verfeinert.<\/p>\n","protected":false},"featured_media":1047,"comment_status":"open","ping_status":"closed","template":"","meta":{"_acf_changed":false},"product_cat":[45],"product_tag":[],"class_list":{"0":"post-1186","1":"product","2":"type-product","3":"status-publish","4":"has-post-thumbnail","6":"product_cat-die-feinkost","8":"first","9":"instock","10":"shipping-taxable","11":"product-type-simple"},"acf":[],"_links":{"self":[{"href":"https:\/\/www.produitsdelacigogne.com\/de\/wp-json\/wp\/v2\/product\/1186","targetHints":{"allow":["GET"]}}],"collection":[{"href":"https:\/\/www.produitsdelacigogne.com\/de\/wp-json\/wp\/v2\/product"}],"about":[{"href":"https:\/\/www.produitsdelacigogne.com\/de\/wp-json\/wp\/v2\/types\/product"}],"replies":[{"embeddable":true,"href":"https:\/\/www.produitsdelacigogne.com\/de\/wp-json\/wp\/v2\/comments?post=1186"}],"wp:featuredmedia":[{"embeddable":true,"href":"https:\/\/www.produitsdelacigogne.com\/de\/wp-json\/wp\/v2\/media\/1047"}],"wp:attachment":[{"href":"https:\/\/www.produitsdelacigogne.com\/de\/wp-json\/wp\/v2\/media?parent=1186"}],"wp:term":[{"taxonomy":"product_cat","embeddable":true,"href":"https:\/\/www.produitsdelacigogne.com\/de\/wp-json\/wp\/v2\/product_cat?post=1186"},{"taxonomy":"product_tag","embeddable":true,"href":"https:\/\/www.produitsdelacigogne.com\/de\/wp-json\/wp\/v2\/product_tag?post=1186"}],"curies":[{"name":"wp","href":"https:\/\/api.w.org\/{rel}","templated":true}]}}