{"id":1188,"date":"2020-08-26T16:34:19","date_gmt":"2020-08-26T14:34:19","guid":{"rendered":"https:\/\/www.produitsdelacigogne.com\/produit\/unkategorisiert\/hahn-in-rieslingwein-sauce\/"},"modified":"2020-08-26T16:34:19","modified_gmt":"2020-08-26T14:34:19","slug":"hahn-in-rieslingwein-sauce","status":"publish","type":"product","link":"https:\/\/www.produitsdelacigogne.com\/de\/produit\/die-feinkost\/hahn-in-rieslingwein-sauce\/","title":{"rendered":"Hahn in Rieslingwein Sauce"},"content":{"rendered":"<p>Bei schwacher Hitze aufw\u00e4rmen und mit Sp\u00e4tzle, Nudeln, Reis oder kleinem Gem\u00fcse servieren.<\/p>\n<p>Mit Sp\u00e4tzle oder knepfle servieren.<\/p>\n","protected":false},"excerpt":{"rendered":"<p>Der K\u00f6nig vom Bauernhof geschmort in einer cremigen Rieslingsauce, einer edlen Rebsorte aus unseren H\u00fcgeln. Ohne M\u00e4\u00dfigung konsumieren.<\/p>\n","protected":false},"featured_media":1043,"comment_status":"open","ping_status":"closed","template":"","meta":{"_acf_changed":false},"product_cat":[45],"product_tag":[],"class_list":{"0":"post-1188","1":"product","2":"type-product","3":"status-publish","4":"has-post-thumbnail","6":"product_cat-die-feinkost","8":"first","9":"instock","10":"shipping-taxable","11":"product-type-simple"},"acf":[],"_links":{"self":[{"href":"https:\/\/www.produitsdelacigogne.com\/de\/wp-json\/wp\/v2\/product\/1188","targetHints":{"allow":["GET"]}}],"collection":[{"href":"https:\/\/www.produitsdelacigogne.com\/de\/wp-json\/wp\/v2\/product"}],"about":[{"href":"https:\/\/www.produitsdelacigogne.com\/de\/wp-json\/wp\/v2\/types\/product"}],"replies":[{"embeddable":true,"href":"https:\/\/www.produitsdelacigogne.com\/de\/wp-json\/wp\/v2\/comments?post=1188"}],"wp:featuredmedia":[{"embeddable":true,"href":"https:\/\/www.produitsdelacigogne.com\/de\/wp-json\/wp\/v2\/media\/1043"}],"wp:attachment":[{"href":"https:\/\/www.produitsdelacigogne.com\/de\/wp-json\/wp\/v2\/media?parent=1188"}],"wp:term":[{"taxonomy":"product_cat","embeddable":true,"href":"https:\/\/www.produitsdelacigogne.com\/de\/wp-json\/wp\/v2\/product_cat?post=1188"},{"taxonomy":"product_tag","embeddable":true,"href":"https:\/\/www.produitsdelacigogne.com\/de\/wp-json\/wp\/v2\/product_tag?post=1188"}],"curies":[{"name":"wp","href":"https:\/\/api.w.org\/{rel}","templated":true}]}}