{"id":1189,"date":"2020-08-26T16:34:05","date_gmt":"2020-08-26T14:34:05","guid":{"rendered":"https:\/\/www.produitsdelacigogne.com\/produit\/unkategorisiert\/elsaesser-backeoffe\/"},"modified":"2020-08-26T16:34:05","modified_gmt":"2020-08-26T14:34:05","slug":"elsaesser-backeoffe","status":"publish","type":"product","link":"https:\/\/www.produitsdelacigogne.com\/de\/produit\/die-feinkost\/elsaesser-backeoffe\/","title":{"rendered":"Els\u00e4sser Backeoffe"},"content":{"rendered":"<h3>Ausarbeitung<\/h3>\n<p>Dieses traditionelle Rezept besteht aus Schweine-, Rind- und Hammelfleischst\u00fccken, Kartoffelstreifen und Karotten in ihrer Wei\u00dfweinbr\u00fche.<\/p>\n<h3>Kochen<\/h3>\n<p>Um der Tradition treu zu bleiben, erw\u00e4rmen Sie das Gericht in der glasierten Terrakotta-Terrine.<\/p>\n<h3>Begleitungsvorschl\u00e4ge<\/h3>\n<p>Die hei\u00dfe Backeoffe-Terrine wird so wie sie ist auf den Tisch gestellt. Zu diesem kompletten Gericht gibt es einen gr\u00fcnen Salat.<\/p>\n","protected":false},"excerpt":{"rendered":"<p>Backeoffe ist eine der S\u00e4ulen der els\u00e4ssischen K\u00fcche. Dieses komplette Gericht mit starken Aromen k\u00f6chelt lange in seiner Wei\u00dfweinbr\u00fche. Heutzutage gibt es im Elsass keine gute \u201eWinstub\u201c, in der dieses schmackhafte traditionelle Gericht nicht serviert wird. Unser Backeoffe gibt es auch mit Wildfleisch.<\/p>\n","protected":false},"featured_media":1041,"comment_status":"open","ping_status":"closed","template":"","meta":{"_acf_changed":false},"product_cat":[45],"product_tag":[],"class_list":{"0":"post-1189","1":"product","2":"type-product","3":"status-publish","4":"has-post-thumbnail","6":"product_cat-die-feinkost","8":"first","9":"instock","10":"shipping-taxable","11":"product-type-simple"},"acf":[],"_links":{"self":[{"href":"https:\/\/www.produitsdelacigogne.com\/de\/wp-json\/wp\/v2\/product\/1189","targetHints":{"allow":["GET"]}}],"collection":[{"href":"https:\/\/www.produitsdelacigogne.com\/de\/wp-json\/wp\/v2\/product"}],"about":[{"href":"https:\/\/www.produitsdelacigogne.com\/de\/wp-json\/wp\/v2\/types\/product"}],"replies":[{"embeddable":true,"href":"https:\/\/www.produitsdelacigogne.com\/de\/wp-json\/wp\/v2\/comments?post=1189"}],"wp:featuredmedia":[{"embeddable":true,"href":"https:\/\/www.produitsdelacigogne.com\/de\/wp-json\/wp\/v2\/media\/1041"}],"wp:attachment":[{"href":"https:\/\/www.produitsdelacigogne.com\/de\/wp-json\/wp\/v2\/media?parent=1189"}],"wp:term":[{"taxonomy":"product_cat","embeddable":true,"href":"https:\/\/www.produitsdelacigogne.com\/de\/wp-json\/wp\/v2\/product_cat?post=1189"},{"taxonomy":"product_tag","embeddable":true,"href":"https:\/\/www.produitsdelacigogne.com\/de\/wp-json\/wp\/v2\/product_tag?post=1189"}],"curies":[{"name":"wp","href":"https:\/\/api.w.org\/{rel}","templated":true}]}}